{"id":30658,"date":"2025-06-26T12:04:10","date_gmt":"2025-06-26T11:04:10","guid":{"rendered":"https:\/\/royalblue-eland-795867.hostingersite.com\/?page_id=30658"},"modified":"2025-08-28T14:31:21","modified_gmt":"2025-08-28T13:31:21","slug":"politica-de-privacidade","status":"publish","type":"page","link":"https:\/\/leva-me.com\/en\/politica-de-privacidade\/","title":{"rendered":"Privacy Policy"},"content":{"rendered":"<div data-elementor-type=\"wp-page\" data-elementor-id=\"30658\" class=\"elementor elementor-30658\" data-elementor-post-type=\"page\">\n\t\t\t\t<div class=\"elementor-element elementor-element-854824e e-flex e-con-boxed e-con e-parent\" data-id=\"854824e\" data-element_type=\"container\" data-e-type=\"container\" data-settings=\"{&quot;background_background&quot;:&quot;classic&quot;}\">\n\t\t\t\t\t<div class=\"e-con-inner\">\n\t\t\t\t<div class=\"elementor-element elementor-element-5823ff1 elementor-widget__width-inherit elementor-widget elementor-widget-heading\" data-id=\"5823ff1\" data-element_type=\"widget\" data-e-type=\"widget\" data-widget_type=\"heading.default\">\n\t\t\t\t<div class=\"elementor-widget-container\">\n\t\t\t\t\t<h1 class=\"elementor-heading-title elementor-size-default\">Privacy Policy<\/h1>\t\t\t\t<\/div>\n\t\t\t\t<\/div>\n\t\t\t\t\t<\/div>\n\t\t\t\t<\/div>\n\t\t<div class=\"elementor-element elementor-element-3346d49c e-flex e-con-boxed e-con e-parent\" data-id=\"3346d49c\" data-element_type=\"container\" data-e-type=\"container\" data-settings=\"{&quot;background_background&quot;:&quot;classic&quot;}\">\n\t\t\t\t\t<div class=\"e-con-inner\">\n\t\t<div class=\"elementor-element elementor-element-691556e3 e-con-full e-flex e-con e-child\" data-id=\"691556e3\" data-element_type=\"container\" data-e-type=\"container\">\n\t\t\t\t<div class=\"elementor-element elementor-element-b68697a elementor-widget elementor-widget-text-editor\" data-id=\"b68697a\" data-element_type=\"widget\" data-e-type=\"widget\" data-widget_type=\"text-editor.default\">\n\t\t\t\t<div class=\"elementor-widget-container\">\n\t\t\t\t\t\t\t\t\t<p>By accessing the LEVA-ME (Fronteiras e Colinas, Lda) website, you accept the terms set forth herein. All personal information collected will be used to help make your visit to our website as productive and enjoyable as possible.<\/p><p>Ensuring the confidentiality of the personal data of users of our website is important to LEVA-ME (Fronteiras e Colinas, Lda).<\/p><p>The personal information collected may include your name, email, telephone and\/or mobile number, address, date of birth and\/or others.<\/p><p>LEVA-ME (Fronteiras e Colinas, Lda) may link to websites operated by third parties. Our privacy policy does not apply to third-party websites, so if you visit another website from ours, you must read and accept its privacy policy. You must also accept that LEVA-ME (Fronteiras e Colinas, Lda) does not control the content of that website and assumes no responsibility for the privacy policy or content published on those websites. Furthermore, a link to a website not owned by LEVA-ME (Fronteiras e Colinas, Lda) does not mean that LEVA-ME endorses the website or the products and services referenced therein.<\/p><p>All copyrights, registered trademarks, and other rights applicable to or used on this website belong to LEVA-ME (Fronteiras e Colinas, Lda) and are protected by copyright. All rights not expressly granted herein are reserved. Copying, altering, distributing, transmitting, displaying, reproducing, publishing, transferring, or selling any information, products, or services obtained through this website is prohibited.<\/p><p>Under no circumstances shall LEVA-ME (Fronteiras e Colinas, Lda) be held liable, directly or indirectly, for any damage resulting from or in any way related to the use of this website.<\/p><p>The agency does not guarantee that its web pages will be free from errors or other difficulties. The agency reserves the right to modify, without prior notice and for any reason, any information on the website. The user is responsible for reviewing the content whenever they consult or book trips through the website. Continued use of the website after any changes are made will be considered acceptance of those changes.<\/p><p>The customer registered for a trip gives express consent for all information provided in relation to their trip to be transmitted to LEVA-ME partners (Fronteiras e Colinas, Lda) in order to carry out the travel program, food preferences, personal health information or others.<\/p><p>The user, as a customer registered for a trip, expressly consents to all information, including personal data, provided in relation to their trip being transmitted to government authorities for the purposes of border control and air travel security.<\/p><p>All data collected through registration on the LEVA-ME (Fronteiras e Colinas, Lda) website is completely confidential and is intended for customer management, services, and our company&#039;s marketing initiatives. When contacting us via email through our website, if you select the &quot;subscribe to the Newsletter&quot; option, your email address may become part of our database and be used for marketing purposes for our company and the Joaocajuda.com website. Therefore, all your registration data is completely confidential and will be used exclusively to send you our latest news, provide you with the best possible service, and create offers tailored to your interests.<\/p><h2>GDPR \u2013 TAKE ME<\/h2><h2>Privacy Policy and General Data Protection Regulation<\/h2><p>Our website treats your privacy with the utmost care. In the following sections, we&#039;ll explain:<\/p><ul><li>What information we collect through the website, how it is processed and for what purpose;<\/li><li>How you can manage your personal information;<\/li><\/ul><p>Want to learn more? Check out these links:<\/p><ul><li><a href=\"https:\/\/europa.eu\/youreurope\/business\/dealing-with-customers\/data-protection\/data-protection-gdpr\/index_pt.htmhttps:\/\/ec.europa.eu\/justice\/smedataprotect\/index_en.htmhttps:\/\/ec.europa.eu\/info\/law\/law-topic\/data-protection_pt\">https:\/\/europa.eu\/youreurope\/business\/dealing-with-customers\/data-protection\/data-protection-gdpr\/index_pt.htm<\/a><\/li><li><a href=\"https:\/\/europa.eu\/youreurope\/business\/dealing-with-customers\/data-protection\/data-protection-gdpr\/index_pt.htmhttps:\/\/ec.europa.eu\/justice\/smedataprotect\/index_en.htmhttps:\/\/ec.europa.eu\/info\/law\/law-topic\/data-protection_pt\">https:\/\/ec.europa.eu\/justice\/smedataprotect\/index_en.htm<\/a><\/li><li><a href=\"https:\/\/europa.eu\/youreurope\/business\/dealing-with-customers\/data-protection\/data-protection-gdpr\/index_pt.htmhttps:\/\/ec.europa.eu\/justice\/smedataprotect\/index_en.htmhttps:\/\/ec.europa.eu\/info\/law\/law-topic\/data-protection_pt\">https:\/\/ec.europa.eu\/info\/law\/law-topic\/data-protection_pt<\/a><\/li><\/ul><h3>Who processes personal data?<\/h3><p><b>The person responsible for processing personal data is:<\/b><\/p><p>Borders and Hills, Ltd.<\/p><p>info@leva-me.com<\/p><p>NIF: 513 951 016<\/p><p>National Register of Travel and Tourism Agencies: No. 6282<\/p><h3>Accommodation<\/h3><p>The website is hosted by Hostinger. Some data such as IP address, browser type and version, date and time, and the website you came from, if any, are recorded. The IP address is stored anonymously. This data is required for various security and analysis purposes. The legal basis for this processing is Art. 6 (1) f of the GDPR.<\/p><h3>E-mail<\/h3><p><span style=\"font-weight: 400;\">Emails sent to and from our email addresses are processed outside the European Union by Google and Sendgrid. You can view Google&#039;s data processing policy here. <\/span><a href=\"https:\/\/cloud.google.com\/security\/gdpr\/\"><span style=\"font-weight: 400;\">https:\/\/cloud.google.com\/security\/gdpr\/<\/span><\/a><span style=\"font-weight: 400;\"> and Sendgrid here <\/span><a href=\"https:\/\/sendgrid.com\/policies\/privacy\/website-privacy-policy\/#information-about-international-transfers\"><span style=\"font-weight: 400;\">https:\/\/sendgrid.com\/policies\/privacy\/website-privacy-policy\/#information-about-international-transfers<\/span><\/a><span style=\"font-weight: 400;\">. Emails are stored in these services for a minimum period of time to ensure that no emails are lost in the event of a technical failure. The legal basis for this processing is Art. 6 (1) f GDPR.<\/span><\/p><p><span style=\"font-weight: 400;\">The payment system is managed by EuPago. You can check how payments are handled on the Legal Terms &amp; Conditions page: <\/span><a href=\"https:\/\/www.eupago.pt\/termos\" target=\"_blank\" rel=\"noopener noreferrer\">https:\/\/www.eupago.pt\/termos<\/a><\/p><h3>How do we collect your data?<\/h3><p>All data collected is expressly provided by the user, except for cookies collected automatically. Therefore, the data subject consents to their information being processed using confirmation fields on the respective forms.<\/p><h3>How do we process and for what purpose do we use your data?<\/h3><p>For billing, we use your First Name, Last Name, Address, Tax ID and Email.<\/p><p><span style=\"font-weight: 400;\">For payment processing, your data is sent to the responsible entity. In our case, you can read more details about eupago.pt&#039;s data policy at <a href=\"https:\/\/www.eupago.pt\/privacidade\" target=\"_blank\" rel=\"noopener noreferrer\">https:\/\/www.eupago.pt\/privacidade<\/a><\/span><\/p><p>To update the status of your order, we use Name, Address, Tax ID and Email.<\/p><p>If you have registered your email address on the form provided for our newsletter, we will use your email address to send you news.<\/p><h3>Right to correct data and right to object<\/h3><p>If the data subject considers that his or her personal data is incorrect, incomplete or inaccurate, he or she has the right to have it rectified or completed without undue delay.<\/p><p>The data subject may also object at any time to the processing of their personal data for a specific use.<\/p><h3>Right to data removal (right to be forgotten)<\/h3><p>The data subject may request that their personal data be deleted if it is no longer necessary to fulfill the purpose of the processing. However, the company is not obliged to delete the data if:<\/p><ul><li>its processing is necessary to respect freedom of expression and information;<\/li><li>you must retain personal data to comply with a legal obligation;<\/li><li>there are other reasons of public interest for retaining personal data, such as reasons related to public health or scientific and historical research;<\/li><li>the retention of personal data is necessary in the context of legal proceedings.<\/li><\/ul><h3>Automated decision-making and profiling<\/h3><p>There are no automated decisions.<\/p><h3>Data breach notification<\/h3><p>A data breach is considered to occur if personal data for which our company is responsible is disclosed, either accidentally or unlawfully, to unauthorized recipients, is altered, or access to it is temporarily interrupted.<\/p><p>If a data breach occurs that poses a risk to individual rights and freedoms, our company will inform the data protection authority within 72 hours of becoming aware of it.<\/p><p>If the breach poses a high risk to data subjects, our company may also be required to inform all affected individuals of the breach.<\/p><h3>Response to requests<\/h3><p>If our company receives a request from an individual wishing to exercise their rights, we will respond to it without undue delay and, in any case, within one month of receipt. This period may be extended by two months for complex or multiple requests, provided the individual is informed of the extension. Requests will be processed free of charge.<\/p><p>If a request is refused, we will inform the interested party of the reasons for the refusal and of their right to lodge a complaint with the data protection authority.<\/p><h3>Data protection by design and by default<\/h3><p>Data protection by design means that our company takes data protection into account from the earliest stages of planning a new way of processing personal data. In accordance with this principle, the data controller takes the necessary technical and organizational measures to implement data protection principles and protect data subjects&#039; rights, for example, through the use of pseudonyms.<\/p><p>Data protection by default means that our company always adopts, as default settings, the settings that best protect privacy.<\/p><h2>Cookie Policy<\/h2><h3>What are Cookies?<\/h3><p>As is common practice with almost all websites, this site uses cookies, which are tiny files that are downloaded to your computer, to improve your experience. This page describes what information these cookies collect, how we use it, and why we need to store these cookies. We also share how you can prevent these cookies from being stored. However, this may reduce or &quot;break&quot; certain elements of the sites functionality.<\/p><h3>Disable Cookies<\/h3><p>In most cases, there are no industry standard options for disabling cookies without completely disabling the functionality and features they add to this site. It is recommended that you leave all cookies enabled if you are not sure whether you need them or not, as they may be necessary to provide you with a service that you use.<\/p><p>You can prevent cookies from being set by adjusting your browser settings (see your browser&#039;s Help for how to do this). Be aware that disabling cookies will affect the functionality of this site and many other websites you visit.<\/p><h3>The Cookies we use<\/h3><p>Account-related cookies \u2013 if you create an account with us, we use cookies to manage the sign-up process and general administration. These cookies will typically be deleted when you log out. However, in some cases, they may remain activated to remember your website preferences after you log out.<\/p><p>Login-related cookies \u2013 we use cookies when you&#039;re logged in so we can remember this fact. This prevents you from having to log in every time you visit a new page. These cookies are typically removed or cleared when you log out to ensure that you can only access restricted features and areas when logged in.<\/p><p>Cookies related to newsletters and other subscriptions \u2013 This website offers subscription and other subscription services. Some cookies may be used to check if you&#039;re already registered and whether we should show you certain notifications.<\/p><p>Cookies related to booking processing \u2013 some cookies are essential to ensure that your booking is remembered between pages so that we can process it correctly.<\/p><p>Form-related cookies \u2013 when you submit data through a form, some cookies may be set to remember your user details for future correspondence.<\/p><p>Survey-related cookies \u2013 From time to time, we may offer surveys to better understand our user base. Some cookies may be used to determine who has already participated.<\/p><h3>Third-party cookies<\/h3><p>In some cases, we also use cookies provided by trusted third parties.<\/p><p>This website uses Google Analytics, one of the most widespread and trusted analytics solutions on the web. It helps us understand how you use the site and how we can improve your experience. These cookies may track things like how long you spend on the website and the pages you visit so we can continue to produce engaging content.<\/p><p>We may also use cookies related to external services, such as newsletters or meta pixels. These cookies are used to monitor the effectiveness of our campaigns.<\/p><p>We may also use other features of certain social networks. For these to work, these platforms will place cookies on our website, which may be used to improve your profile on these sites, in accordance with their respective privacy policies.<\/p><h2>More information<\/h2><p>We hope these policies have been informative. However, if you require further information, please contact us at info@leva-me.com.<\/p><p>This policy is valid from August\/2025.<\/p>\t\t\t\t\t\t\t\t<\/div>\n\t\t\t\t<\/div>\n\t\t\t\t<\/div>\n\t\t\t\t\t<\/div>\n\t\t\t\t<\/div>\n\t\t\t\t<\/div>","protected":false},"excerpt":{"rendered":"<p>Pol\u00edtica de privacidade Quando acede \u00e0s p\u00e1ginas do site LEVA-ME (Fronteiras e Colinas, Lda) est\u00e1 a aceitar os termos aqui expostos. Todas as suas informa\u00e7\u00f5es pessoais recolhidas, ser\u00e3o usadas para o ajudar a tornar a sua visita no nosso site o mais produtiva e agrad\u00e1vel poss\u00edvel. A garantia da confidencialidade dos dados pessoais dos utilizadores [&hellip;]<\/p>\n","protected":false},"author":2,"featured_media":0,"parent":0,"menu_order":0,"comment_status":"closed","ping_status":"closed","template":"","meta":{"_acf_changed":false,"footnotes":""},"class_list":["post-30658","page","type-page","status-publish","hentry"],"acf":[],"yoast_head":"<!-- This site is optimized with the Yoast SEO plugin v27.3 - https:\/\/yoast.com\/product\/yoast-seo-wordpress\/ -->\n<title>Pol\u00edtica de Privacidade | LEVA-ME - Ag\u00eancia de viagens<\/title>\n<meta name=\"description\" content=\"Conhe\u00e7a a Pol\u00edtica de Privacidade da Leva-me e esteja a par das nossas condi\u00e7\u00f5es e dos seus direitos e obriga\u00e7\u00f5es para viajar connosco.\" \/>\n<meta name=\"robots\" content=\"index, follow, max-snippet:-1, max-image-preview:large, max-video-preview:-1\" \/>\n<link rel=\"canonical\" href=\"https:\/\/leva-me.com\/en\/politica-de-privacidade\/\" \/>\n<meta property=\"og:locale\" content=\"en_GB\" \/>\n<meta property=\"og:type\" content=\"article\" \/>\n<meta property=\"og:title\" content=\"Pol\u00edtica de Privacidade | LEVA-ME - Ag\u00eancia de viagens\" \/>\n<meta property=\"og:description\" content=\"Conhe\u00e7a a Pol\u00edtica de Privacidade da Leva-me e esteja a par das nossas condi\u00e7\u00f5es e dos seus direitos e obriga\u00e7\u00f5es para viajar connosco.\" \/>\n<meta property=\"og:url\" content=\"https:\/\/leva-me.com\/en\/politica-de-privacidade\/\" \/>\n<meta property=\"og:site_name\" content=\"LEVA-ME - Ag\u00eancia de viagens\" \/>\n<meta property=\"article:publisher\" content=\"https:\/\/www.facebook.com\/leva.me.tours\/\" \/>\n<meta property=\"article:modified_time\" content=\"2025-08-28T13:31:21+00:00\" \/>\n<meta name=\"twitter:card\" content=\"summary_large_image\" \/>\n<script type=\"application\/ld+json\" class=\"yoast-schema-graph\">{\"@context\":\"https:\\\/\\\/schema.org\",\"@graph\":[{\"@type\":\"WebPage\",\"@id\":\"https:\\\/\\\/leva-me.com\\\/politica-de-privacidade\\\/\",\"url\":\"https:\\\/\\\/leva-me.com\\\/politica-de-privacidade\\\/\",\"name\":\"Pol\u00edtica de Privacidade | LEVA-ME - Ag\u00eancia de viagens\",\"isPartOf\":{\"@id\":\"https:\\\/\\\/leva-me.com\\\/#website\"},\"datePublished\":\"2025-06-26T11:04:10+00:00\",\"dateModified\":\"2025-08-28T13:31:21+00:00\",\"description\":\"Conhe\u00e7a a Pol\u00edtica de Privacidade da Leva-me e esteja a par das nossas condi\u00e7\u00f5es e dos seus direitos e obriga\u00e7\u00f5es para viajar connosco.\",\"breadcrumb\":{\"@id\":\"https:\\\/\\\/leva-me.com\\\/politica-de-privacidade\\\/#breadcrumb\"},\"inLanguage\":\"en-GB\",\"potentialAction\":[{\"@type\":\"ReadAction\",\"target\":[\"https:\\\/\\\/leva-me.com\\\/politica-de-privacidade\\\/\"]}]},{\"@type\":\"BreadcrumbList\",\"@id\":\"https:\\\/\\\/leva-me.com\\\/politica-de-privacidade\\\/#breadcrumb\",\"itemListElement\":[{\"@type\":\"ListItem\",\"position\":1,\"name\":\"Home\",\"item\":\"https:\\\/\\\/leva-me.com\\\/\"},{\"@type\":\"ListItem\",\"position\":2,\"name\":\"Pol\u00edtica de Privacidade\"}]},{\"@type\":\"WebSite\",\"@id\":\"https:\\\/\\\/leva-me.com\\\/#website\",\"url\":\"https:\\\/\\\/leva-me.com\\\/\",\"name\":\"LEVA-ME - Ag\u00eancia de viagens\",\"description\":\"Ag\u00eancia de Viagens Inesquec\u00edveis\",\"publisher\":{\"@id\":\"https:\\\/\\\/leva-me.com\\\/#organization\"},\"potentialAction\":[{\"@type\":\"SearchAction\",\"target\":{\"@type\":\"EntryPoint\",\"urlTemplate\":\"https:\\\/\\\/leva-me.com\\\/?s={search_term_string}\"},\"query-input\":{\"@type\":\"PropertyValueSpecification\",\"valueRequired\":true,\"valueName\":\"search_term_string\"}}],\"inLanguage\":\"en-GB\"},{\"@type\":\"Organization\",\"@id\":\"https:\\\/\\\/leva-me.com\\\/#organization\",\"name\":\"Agencia de Viagens | LEVA-ME\",\"url\":\"https:\\\/\\\/leva-me.com\\\/\",\"logo\":{\"@type\":\"ImageObject\",\"inLanguage\":\"en-GB\",\"@id\":\"https:\\\/\\\/leva-me.com\\\/#\\\/schema\\\/logo\\\/image\\\/\",\"url\":\"https:\\\/\\\/leva-me.com\\\/wp-content\\\/uploads\\\/2025\\\/04\\\/levame_img_footer.png\",\"contentUrl\":\"https:\\\/\\\/leva-me.com\\\/wp-content\\\/uploads\\\/2025\\\/04\\\/levame_img_footer.png\",\"width\":147,\"height\":132,\"caption\":\"Agencia de Viagens | LEVA-ME\"},\"image\":{\"@id\":\"https:\\\/\\\/leva-me.com\\\/#\\\/schema\\\/logo\\\/image\\\/\"},\"sameAs\":[\"https:\\\/\\\/www.facebook.com\\\/leva.me.tours\\\/\",\"https:\\\/\\\/instagram.com\\\/leva.me.tours\"]}]}<\/script>\n<!-- \/ Yoast SEO plugin. -->","yoast_head_json":{"title":"Pol\u00edtica de Privacidade | LEVA-ME - Ag\u00eancia de viagens","description":"Conhe\u00e7a a Pol\u00edtica de Privacidade da Leva-me e esteja a par das nossas condi\u00e7\u00f5es e dos seus direitos e obriga\u00e7\u00f5es para viajar connosco.","robots":{"index":"index","follow":"follow","max-snippet":"max-snippet:-1","max-image-preview":"max-image-preview:large","max-video-preview":"max-video-preview:-1"},"canonical":"https:\/\/leva-me.com\/en\/politica-de-privacidade\/","og_locale":"en_GB","og_type":"article","og_title":"Pol\u00edtica de Privacidade | LEVA-ME - Ag\u00eancia de viagens","og_description":"Conhe\u00e7a a Pol\u00edtica de Privacidade da Leva-me e esteja a par das nossas condi\u00e7\u00f5es e dos seus direitos e obriga\u00e7\u00f5es para viajar connosco.","og_url":"https:\/\/leva-me.com\/en\/politica-de-privacidade\/","og_site_name":"LEVA-ME - Ag\u00eancia de viagens","article_publisher":"https:\/\/www.facebook.com\/leva.me.tours\/","article_modified_time":"2025-08-28T13:31:21+00:00","twitter_card":"summary_large_image","schema":{"@context":"https:\/\/schema.org","@graph":[{"@type":"WebPage","@id":"https:\/\/leva-me.com\/politica-de-privacidade\/","url":"https:\/\/leva-me.com\/politica-de-privacidade\/","name":"Pol\u00edtica de Privacidade | LEVA-ME - Ag\u00eancia de viagens","isPartOf":{"@id":"https:\/\/leva-me.com\/#website"},"datePublished":"2025-06-26T11:04:10+00:00","dateModified":"2025-08-28T13:31:21+00:00","description":"Conhe\u00e7a a Pol\u00edtica de Privacidade da Leva-me e esteja a par das nossas condi\u00e7\u00f5es e dos seus direitos e obriga\u00e7\u00f5es para viajar connosco.","breadcrumb":{"@id":"https:\/\/leva-me.com\/politica-de-privacidade\/#breadcrumb"},"inLanguage":"en-GB","potentialAction":[{"@type":"ReadAction","target":["https:\/\/leva-me.com\/politica-de-privacidade\/"]}]},{"@type":"BreadcrumbList","@id":"https:\/\/leva-me.com\/politica-de-privacidade\/#breadcrumb","itemListElement":[{"@type":"ListItem","position":1,"name":"Home","item":"https:\/\/leva-me.com\/"},{"@type":"ListItem","position":2,"name":"Pol\u00edtica de Privacidade"}]},{"@type":"WebSite","@id":"https:\/\/leva-me.com\/#website","url":"https:\/\/leva-me.com\/","name":"LEVA-ME - Travel Agency","description":"Unforgettable Travel Agency","publisher":{"@id":"https:\/\/leva-me.com\/#organization"},"potentialAction":[{"@type":"SearchAction","target":{"@type":"EntryPoint","urlTemplate":"https:\/\/leva-me.com\/?s={search_term_string}"},"query-input":{"@type":"PropertyValueSpecification","valueRequired":true,"valueName":"search_term_string"}}],"inLanguage":"en-GB"},{"@type":"Organization","@id":"https:\/\/leva-me.com\/#organization","name":"Travel Agency | TAKE ME","url":"https:\/\/leva-me.com\/","logo":{"@type":"ImageObject","inLanguage":"en-GB","@id":"https:\/\/leva-me.com\/#\/schema\/logo\/image\/","url":"https:\/\/leva-me.com\/wp-content\/uploads\/2025\/04\/levame_img_footer.png","contentUrl":"https:\/\/leva-me.com\/wp-content\/uploads\/2025\/04\/levame_img_footer.png","width":147,"height":132,"caption":"Agencia de Viagens | LEVA-ME"},"image":{"@id":"https:\/\/leva-me.com\/#\/schema\/logo\/image\/"},"sameAs":["https:\/\/www.facebook.com\/leva.me.tours\/","https:\/\/instagram.com\/leva.me.tours"]}]}},"_links":{"self":[{"href":"https:\/\/leva-me.com\/en\/wp-json\/wp\/v2\/pages\/30658","targetHints":{"allow":["GET"]}}],"collection":[{"href":"https:\/\/leva-me.com\/en\/wp-json\/wp\/v2\/pages"}],"about":[{"href":"https:\/\/leva-me.com\/en\/wp-json\/wp\/v2\/types\/page"}],"author":[{"embeddable":true,"href":"https:\/\/leva-me.com\/en\/wp-json\/wp\/v2\/users\/2"}],"replies":[{"embeddable":true,"href":"https:\/\/leva-me.com\/en\/wp-json\/wp\/v2\/comments?post=30658"}],"version-history":[{"count":16,"href":"https:\/\/leva-me.com\/en\/wp-json\/wp\/v2\/pages\/30658\/revisions"}],"predecessor-version":[{"id":34857,"href":"https:\/\/leva-me.com\/en\/wp-json\/wp\/v2\/pages\/30658\/revisions\/34857"}],"wp:attachment":[{"href":"https:\/\/leva-me.com\/en\/wp-json\/wp\/v2\/media?parent=30658"}],"curies":[{"name":"wp","href":"https:\/\/api.w.org\/{rel}","templated":true}]}}