{"id":34282,"date":"2025-08-26T10:04:59","date_gmt":"2025-08-26T09:04:59","guid":{"rendered":"https:\/\/royalblue-eland-795867.hostingersite.com\/?page_id=34282"},"modified":"2025-08-26T10:18:41","modified_gmt":"2025-08-26T09:18:41","slug":"newsletter","status":"publish","type":"page","link":"https:\/\/leva-me.com\/en\/newsletter\/","title":{"rendered":"Newsletter"},"content":{"rendered":"\t\t<div data-elementor-type=\"wp-page\" data-elementor-id=\"34282\" class=\"elementor elementor-34282\" data-elementor-post-type=\"page\">\n\t\t\t\t<div class=\"elementor-element elementor-element-0aec565 e-flex e-con-boxed e-con e-parent\" data-id=\"0aec565\" data-element_type=\"container\" data-e-type=\"container\" data-settings=\"{&quot;background_background&quot;:&quot;classic&quot;}\">\n\t\t\t\t\t<div class=\"e-con-inner\">\n\t\t\t\t<div class=\"elementor-element elementor-element-c1423d0 elementor-widget__width-inherit elementor-widget elementor-widget-heading\" data-id=\"c1423d0\" data-element_type=\"widget\" data-e-type=\"widget\" data-widget_type=\"heading.default\">\n\t\t\t\t<div class=\"elementor-widget-container\">\n\t\t\t\t\t<h1 class=\"elementor-heading-title elementor-size-default\">Newsletter<\/h1>\t\t\t\t<\/div>\n\t\t\t\t<\/div>\n\t\t\t\t\t<\/div>\n\t\t\t\t<\/div>\n\t\t<div class=\"elementor-element elementor-element-94503ce e-con-full e-flex e-con e-parent\" data-id=\"94503ce\" data-element_type=\"container\" data-e-type=\"container\" data-settings=\"{&quot;background_background&quot;:&quot;classic&quot;}\">\n\t\t\t\t<div class=\"elementor-element elementor-element-79941fa elementor-widget elementor-widget-shortcode\" data-id=\"79941fa\" data-element_type=\"widget\" data-e-type=\"widget\" data-widget_type=\"shortcode.default\">\n\t\t\t\t<div class=\"elementor-widget-container\">\n\t\t\t\t\t\t\t<div class=\"elementor-shortcode\">\t\t<div data-elementor-type=\"container\" data-elementor-id=\"31665\" class=\"elementor elementor-31665\" data-elementor-post-type=\"elementor_library\">\n\t\t\t\t<div class=\"elementor-element elementor-element-512baa1a e-flex e-con-boxed e-con e-parent\" data-id=\"512baa1a\" data-element_type=\"container\" data-e-type=\"container\">\n\t\t\t\t\t<div class=\"e-con-inner\">\n\t\t\t\t<div class=\"elementor-element elementor-element-39279d4b elementor-widget__width-initial elementor-widget-tablet__width-inherit elementor-widget elementor-widget-heading\" data-id=\"39279d4b\" data-element_type=\"widget\" data-e-type=\"widget\" data-widget_type=\"heading.default\">\n\t\t\t\t<div class=\"elementor-widget-container\">\n\t\t\t\t\t<h3 class=\"elementor-heading-title elementor-size-default\">Inscreve-te na newsletter para receberes novidades\n<\/h3>\t\t\t\t<\/div>\n\t\t\t\t<\/div>\n\t\t<div class=\"elementor-element elementor-element-67afc483 e-con-full e-flex e-con e-child\" data-id=\"67afc483\" data-element_type=\"container\" data-e-type=\"container\" data-settings=\"{&quot;background_background&quot;:&quot;classic&quot;}\">\n\t\t\t\t<div class=\"elementor-element elementor-element-ba5a298 elementor-button-align-stretch elementor-widget elementor-widget-form\" data-id=\"ba5a298\" data-element_type=\"widget\" data-e-type=\"widget\" data-settings=\"{&quot;step_next_label&quot;:&quot;Next&quot;,&quot;step_previous_label&quot;:&quot;Anterior&quot;,&quot;button_width&quot;:&quot;33&quot;,&quot;step_type&quot;:&quot;number_text&quot;,&quot;step_icon_shape&quot;:&quot;circle&quot;}\" data-widget_type=\"form.default\">\n\t\t\t\t<div class=\"elementor-widget-container\">\n\t\t\t\t\t\t\t<form class=\"elementor-form\" method=\"post\" id=\"1b66821\" name=\"Newsletter geral\" aria-label=\"Newsletter geral\" novalidate=\"\">\n\t\t\t<input type=\"hidden\" name=\"post_id\" value=\"31665\"\/>\n\t\t\t<input type=\"hidden\" name=\"form_id\" value=\"ba5a298\"\/>\n\t\t\t<input type=\"hidden\" name=\"referer_title\" value=\"LEVA-ME | Ag\u00eancia de Viagens Inesquec\u00edveis | Viagens em grupo\" \/>\n\n\t\t\t\t\t\t\t<input type=\"hidden\" name=\"queried_id\" value=\"251\"\/>\n\t\t\t\n\t\t\t<div class=\"elementor-form-fields-wrapper elementor-labels-\">\n\t\t\t\t\t\t\t\t<div class=\"elementor-field-type-text elementor-field-group elementor-column elementor-field-group-name elementor-col-33 elementor-field-required\">\n\t\t\t\t\t\t\t\t\t\t\t\t<label for=\"form-field-name\" class=\"elementor-field-label elementor-screen-only\">\n\t\t\t\t\t\t\t\tNome\t\t\t\t\t\t\t<\/label>\n\t\t\t\t\t\t\t\t\t\t\t\t\t\t<input size=\"1\" type=\"text\" name=\"form_fields[name]\" id=\"form-field-name\" class=\"elementor-field elementor-size-lg  elementor-field-textual\" placeholder=\"Nome\" required=\"required\">\n\t\t\t\t\t\t\t\t\t\t\t<\/div>\n\t\t\t\t\t\t\t\t<div class=\"elementor-field-type-email elementor-field-group elementor-column elementor-field-group-email elementor-col-33 elementor-field-required\">\n\t\t\t\t\t\t\t\t\t\t\t\t<label for=\"form-field-email\" class=\"elementor-field-label elementor-screen-only\">\n\t\t\t\t\t\t\t\tEmail\t\t\t\t\t\t\t<\/label>\n\t\t\t\t\t\t\t\t\t\t\t\t\t\t<input size=\"1\" type=\"email\" name=\"form_fields[email]\" id=\"form-field-email\" class=\"elementor-field elementor-size-lg  elementor-field-textual\" placeholder=\"Email\" required=\"required\">\n\t\t\t\t\t\t\t\t\t\t\t<\/div>\n\t\t\t\t\t\t\t\t<div class=\"elementor-field-group elementor-column elementor-field-type-submit elementor-col-33 e-form__buttons\">\n\t\t\t\t\t<button class=\"elementor-button elementor-size-lg\" type=\"submit\">\n\t\t\t\t\t\t<span class=\"elementor-button-content-wrapper\">\n\t\t\t\t\t\t\t\t\t\t\t\t\t\t\t\t\t\t\t\t\t\t<span class=\"elementor-button-text\">Subscrever a newsletter<\/span>\n\t\t\t\t\t\t\t\t\t\t\t\t\t<\/span>\n\t\t\t\t\t<\/button>\n\t\t\t\t<\/div>\n\t\t\t<\/div>\n\t\t<\/form>\n\t\t\t\t\t\t<\/div>\n\t\t\t\t<\/div>\n\t\t\t\t<div class=\"elementor-element elementor-element-4a182351 elementor-widget elementor-widget-text-editor\" data-id=\"4a182351\" data-element_type=\"widget\" data-e-type=\"widget\" data-widget_type=\"text-editor.default\">\n\t\t\t\t<div class=\"elementor-widget-container\">\n\t\t\t\t\t\t\t\t\t<p>Ao subscrever a newsletter concordo com a <a href=\"https:\/\/leva-me.com\/politica-de-privacidade\/\" target=\"_blank\" rel=\"noopener\">pol\u00edtica de privacidade<\/a>.<\/p>\t\t\t\t\t\t\t\t<\/div>\n\t\t\t\t<\/div>\n\t\t\t\t<\/div>\n\t\t\t\t\t<\/div>\n\t\t\t\t<\/div>\n\t\t\t\t<\/div>\n\t\t<\/div>\n\t\t\t\t\t\t<\/div>\n\t\t\t\t<\/div>\n\t\t\t\t<\/div>\n\t\t\t\t<\/div>\n\t\t","protected":false},"excerpt":{"rendered":"<p>Newsletter<\/p>","protected":false},"author":2,"featured_media":33126,"parent":0,"menu_order":0,"comment_status":"closed","ping_status":"closed","template":"","meta":{"_acf_changed":false,"footnotes":""},"class_list":["post-34282","page","type-page","status-publish","has-post-thumbnail","hentry"],"acf":[],"yoast_head":"<!-- This site is optimized with the Yoast SEO plugin v27.3 - https:\/\/yoast.com\/product\/yoast-seo-wordpress\/ -->\n<title>Newsletter | LEVA-ME - Ag\u00eancia de viagens<\/title>\n<meta name=\"description\" content=\"Est\u00e1 sempre a par de todas as novidades sobre a Leva-me e as nossas viagens, adicionando o teu email \u00e0 nossa Newsletter.\" \/>\n<meta name=\"robots\" content=\"index, follow, max-snippet:-1, max-image-preview:large, max-video-preview:-1\" \/>\n<link rel=\"canonical\" href=\"https:\/\/royalblue-eland-795867.hostingersite.com\/newsletter\/\" \/>\n<meta property=\"og:locale\" content=\"en_GB\" \/>\n<meta property=\"og:type\" content=\"article\" \/>\n<meta property=\"og:title\" content=\"Newsletter | LEVA-ME - Ag\u00eancia de viagens\" \/>\n<meta property=\"og:description\" content=\"Est\u00e1 sempre a par de todas as novidades sobre a Leva-me e as nossas viagens, adicionando o teu email \u00e0 nossa Newsletter.\" \/>\n<meta property=\"og:url\" content=\"https:\/\/royalblue-eland-795867.hostingersite.com\/newsletter\/\" \/>\n<meta property=\"og:site_name\" content=\"LEVA-ME - Ag\u00eancia de viagens\" \/>\n<meta property=\"article:publisher\" content=\"https:\/\/www.facebook.com\/leva.me.tours\/\" \/>\n<meta property=\"article:modified_time\" content=\"2025-08-26T09:18:41+00:00\" \/>\n<meta property=\"og:image\" content=\"https:\/\/royalblue-eland-795867.hostingersite.com\/wp-content\/uploads\/2025\/08\/artyom-pj-gg0KaRAZ4pQ-unsplash-scaled-1.webp\" \/>\n\t<meta property=\"og:image:width\" content=\"1000\" \/>\n\t<meta property=\"og:image:height\" content=\"441\" \/>\n\t<meta property=\"og:image:type\" content=\"image\/webp\" \/>\n<meta name=\"twitter:card\" content=\"summary_large_image\" \/>\n<script type=\"application\/ld+json\" class=\"yoast-schema-graph\">{\"@context\":\"https:\\\/\\\/schema.org\",\"@graph\":[{\"@type\":\"WebPage\",\"@id\":\"https:\\\/\\\/royalblue-eland-795867.hostingersite.com\\\/newsletter\\\/\",\"url\":\"https:\\\/\\\/royalblue-eland-795867.hostingersite.com\\\/newsletter\\\/\",\"name\":\"Newsletter | LEVA-ME - Ag\u00eancia de viagens\",\"isPartOf\":{\"@id\":\"https:\\\/\\\/leva-me.com\\\/#website\"},\"primaryImageOfPage\":{\"@id\":\"https:\\\/\\\/royalblue-eland-795867.hostingersite.com\\\/newsletter\\\/#primaryimage\"},\"image\":{\"@id\":\"https:\\\/\\\/royalblue-eland-795867.hostingersite.com\\\/newsletter\\\/#primaryimage\"},\"thumbnailUrl\":\"https:\\\/\\\/leva-me.com\\\/wp-content\\\/uploads\\\/2025\\\/08\\\/artyom-pj-gg0KaRAZ4pQ-unsplash-scaled-1.webp\",\"datePublished\":\"2025-08-26T09:04:59+00:00\",\"dateModified\":\"2025-08-26T09:18:41+00:00\",\"description\":\"Est\u00e1 sempre a par de todas as novidades sobre a Leva-me e as nossas viagens, adicionando o teu email \u00e0 nossa Newsletter.\",\"breadcrumb\":{\"@id\":\"https:\\\/\\\/royalblue-eland-795867.hostingersite.com\\\/newsletter\\\/#breadcrumb\"},\"inLanguage\":\"en-GB\",\"potentialAction\":[{\"@type\":\"ReadAction\",\"target\":[\"https:\\\/\\\/royalblue-eland-795867.hostingersite.com\\\/newsletter\\\/\"]}]},{\"@type\":\"ImageObject\",\"inLanguage\":\"en-GB\",\"@id\":\"https:\\\/\\\/royalblue-eland-795867.hostingersite.com\\\/newsletter\\\/#primaryimage\",\"url\":\"https:\\\/\\\/leva-me.com\\\/wp-content\\\/uploads\\\/2025\\\/08\\\/artyom-pj-gg0KaRAZ4pQ-unsplash-scaled-1.webp\",\"contentUrl\":\"https:\\\/\\\/leva-me.com\\\/wp-content\\\/uploads\\\/2025\\\/08\\\/artyom-pj-gg0KaRAZ4pQ-unsplash-scaled-1.webp\",\"width\":1000,\"height\":441},{\"@type\":\"BreadcrumbList\",\"@id\":\"https:\\\/\\\/royalblue-eland-795867.hostingersite.com\\\/newsletter\\\/#breadcrumb\",\"itemListElement\":[{\"@type\":\"ListItem\",\"position\":1,\"name\":\"Home\",\"item\":\"https:\\\/\\\/royalblue-eland-795867.hostingersite.com\\\/\"},{\"@type\":\"ListItem\",\"position\":2,\"name\":\"Newsletter\"}]},{\"@type\":\"WebSite\",\"@id\":\"https:\\\/\\\/leva-me.com\\\/#website\",\"url\":\"https:\\\/\\\/leva-me.com\\\/\",\"name\":\"LEVA-ME - Ag\u00eancia de viagens\",\"description\":\"Ag\u00eancia de Viagens Inesquec\u00edveis\",\"publisher\":{\"@id\":\"https:\\\/\\\/leva-me.com\\\/#organization\"},\"potentialAction\":[{\"@type\":\"SearchAction\",\"target\":{\"@type\":\"EntryPoint\",\"urlTemplate\":\"https:\\\/\\\/leva-me.com\\\/?s={search_term_string}\"},\"query-input\":{\"@type\":\"PropertyValueSpecification\",\"valueRequired\":true,\"valueName\":\"search_term_string\"}}],\"inLanguage\":\"en-GB\"},{\"@type\":\"Organization\",\"@id\":\"https:\\\/\\\/leva-me.com\\\/#organization\",\"name\":\"Agencia de Viagens | LEVA-ME\",\"url\":\"https:\\\/\\\/leva-me.com\\\/\",\"logo\":{\"@type\":\"ImageObject\",\"inLanguage\":\"en-GB\",\"@id\":\"https:\\\/\\\/leva-me.com\\\/#\\\/schema\\\/logo\\\/image\\\/\",\"url\":\"https:\\\/\\\/leva-me.com\\\/wp-content\\\/uploads\\\/2025\\\/04\\\/levame_img_footer.png\",\"contentUrl\":\"https:\\\/\\\/leva-me.com\\\/wp-content\\\/uploads\\\/2025\\\/04\\\/levame_img_footer.png\",\"width\":147,\"height\":132,\"caption\":\"Agencia de Viagens | LEVA-ME\"},\"image\":{\"@id\":\"https:\\\/\\\/leva-me.com\\\/#\\\/schema\\\/logo\\\/image\\\/\"},\"sameAs\":[\"https:\\\/\\\/www.facebook.com\\\/leva.me.tours\\\/\",\"https:\\\/\\\/instagram.com\\\/leva.me.tours\"]}]}<\/script>\n<!-- \/ Yoast SEO plugin. -->","yoast_head_json":{"title":"Newsletter | LEVA-ME - Ag\u00eancia de viagens","description":"Est\u00e1 sempre a par de todas as novidades sobre a Leva-me e as nossas viagens, adicionando o teu email \u00e0 nossa Newsletter.","robots":{"index":"index","follow":"follow","max-snippet":"max-snippet:-1","max-image-preview":"max-image-preview:large","max-video-preview":"max-video-preview:-1"},"canonical":"https:\/\/royalblue-eland-795867.hostingersite.com\/newsletter\/","og_locale":"en_GB","og_type":"article","og_title":"Newsletter | LEVA-ME - Ag\u00eancia de viagens","og_description":"Est\u00e1 sempre a par de todas as novidades sobre a Leva-me e as nossas viagens, adicionando o teu email \u00e0 nossa Newsletter.","og_url":"https:\/\/royalblue-eland-795867.hostingersite.com\/newsletter\/","og_site_name":"LEVA-ME - Ag\u00eancia de viagens","article_publisher":"https:\/\/www.facebook.com\/leva.me.tours\/","article_modified_time":"2025-08-26T09:18:41+00:00","og_image":[{"width":1000,"height":441,"url":"https:\/\/royalblue-eland-795867.hostingersite.com\/wp-content\/uploads\/2025\/08\/artyom-pj-gg0KaRAZ4pQ-unsplash-scaled-1.webp","type":"image\/webp"}],"twitter_card":"summary_large_image","schema":{"@context":"https:\/\/schema.org","@graph":[{"@type":"WebPage","@id":"https:\/\/royalblue-eland-795867.hostingersite.com\/newsletter\/","url":"https:\/\/royalblue-eland-795867.hostingersite.com\/newsletter\/","name":"Newsletter | LEVA-ME - Ag\u00eancia de viagens","isPartOf":{"@id":"https:\/\/leva-me.com\/#website"},"primaryImageOfPage":{"@id":"https:\/\/royalblue-eland-795867.hostingersite.com\/newsletter\/#primaryimage"},"image":{"@id":"https:\/\/royalblue-eland-795867.hostingersite.com\/newsletter\/#primaryimage"},"thumbnailUrl":"https:\/\/leva-me.com\/wp-content\/uploads\/2025\/08\/artyom-pj-gg0KaRAZ4pQ-unsplash-scaled-1.webp","datePublished":"2025-08-26T09:04:59+00:00","dateModified":"2025-08-26T09:18:41+00:00","description":"Est\u00e1 sempre a par de todas as novidades sobre a Leva-me e as nossas viagens, adicionando o teu email \u00e0 nossa Newsletter.","breadcrumb":{"@id":"https:\/\/royalblue-eland-795867.hostingersite.com\/newsletter\/#breadcrumb"},"inLanguage":"en-GB","potentialAction":[{"@type":"ReadAction","target":["https:\/\/royalblue-eland-795867.hostingersite.com\/newsletter\/"]}]},{"@type":"ImageObject","inLanguage":"en-GB","@id":"https:\/\/royalblue-eland-795867.hostingersite.com\/newsletter\/#primaryimage","url":"https:\/\/leva-me.com\/wp-content\/uploads\/2025\/08\/artyom-pj-gg0KaRAZ4pQ-unsplash-scaled-1.webp","contentUrl":"https:\/\/leva-me.com\/wp-content\/uploads\/2025\/08\/artyom-pj-gg0KaRAZ4pQ-unsplash-scaled-1.webp","width":1000,"height":441},{"@type":"BreadcrumbList","@id":"https:\/\/royalblue-eland-795867.hostingersite.com\/newsletter\/#breadcrumb","itemListElement":[{"@type":"ListItem","position":1,"name":"Home","item":"https:\/\/royalblue-eland-795867.hostingersite.com\/"},{"@type":"ListItem","position":2,"name":"Newsletter"}]},{"@type":"WebSite","@id":"https:\/\/leva-me.com\/#website","url":"https:\/\/leva-me.com\/","name":"LEVA-ME - Travel Agency","description":"Unforgettable Travel Agency","publisher":{"@id":"https:\/\/leva-me.com\/#organization"},"potentialAction":[{"@type":"SearchAction","target":{"@type":"EntryPoint","urlTemplate":"https:\/\/leva-me.com\/?s={search_term_string}"},"query-input":{"@type":"PropertyValueSpecification","valueRequired":true,"valueName":"search_term_string"}}],"inLanguage":"en-GB"},{"@type":"Organization","@id":"https:\/\/leva-me.com\/#organization","name":"Travel Agency | TAKE ME","url":"https:\/\/leva-me.com\/","logo":{"@type":"ImageObject","inLanguage":"en-GB","@id":"https:\/\/leva-me.com\/#\/schema\/logo\/image\/","url":"https:\/\/leva-me.com\/wp-content\/uploads\/2025\/04\/levame_img_footer.png","contentUrl":"https:\/\/leva-me.com\/wp-content\/uploads\/2025\/04\/levame_img_footer.png","width":147,"height":132,"caption":"Agencia de Viagens | LEVA-ME"},"image":{"@id":"https:\/\/leva-me.com\/#\/schema\/logo\/image\/"},"sameAs":["https:\/\/www.facebook.com\/leva.me.tours\/","https:\/\/instagram.com\/leva.me.tours"]}]}},"_links":{"self":[{"href":"https:\/\/leva-me.com\/en\/wp-json\/wp\/v2\/pages\/34282","targetHints":{"allow":["GET"]}}],"collection":[{"href":"https:\/\/leva-me.com\/en\/wp-json\/wp\/v2\/pages"}],"about":[{"href":"https:\/\/leva-me.com\/en\/wp-json\/wp\/v2\/types\/page"}],"author":[{"embeddable":true,"href":"https:\/\/leva-me.com\/en\/wp-json\/wp\/v2\/users\/2"}],"replies":[{"embeddable":true,"href":"https:\/\/leva-me.com\/en\/wp-json\/wp\/v2\/comments?post=34282"}],"version-history":[{"count":7,"href":"https:\/\/leva-me.com\/en\/wp-json\/wp\/v2\/pages\/34282\/revisions"}],"predecessor-version":[{"id":34305,"href":"https:\/\/leva-me.com\/en\/wp-json\/wp\/v2\/pages\/34282\/revisions\/34305"}],"wp:featuredmedia":[{"embeddable":true,"href":"https:\/\/leva-me.com\/en\/wp-json\/wp\/v2\/media\/33126"}],"wp:attachment":[{"href":"https:\/\/leva-me.com\/en\/wp-json\/wp\/v2\/media?parent=34282"}],"curies":[{"name":"wp","href":"https:\/\/api.w.org\/{rel}","templated":true}]}}