{"id":35457,"date":"2025-11-12T15:48:39","date_gmt":"2025-11-12T15:48:39","guid":{"rendered":"https:\/\/leva-me.com\/lets-keep-in-touch\/"},"modified":"2025-11-12T16:04:53","modified_gmt":"2025-11-12T16:04:53","slug":"emails-levame","status":"publish","type":"page","link":"https:\/\/leva-me.com\/en\/emails-levame\/","title":{"rendered":"Take Me Emails"},"content":{"rendered":"<div data-elementor-type=\"wp-page\" data-elementor-id=\"35457\" class=\"elementor elementor-35457\" data-elementor-post-type=\"page\">\n\t\t\t\t<div class=\"elementor-element elementor-element-31acc6b e-flex e-con-boxed e-con e-parent\" data-id=\"31acc6b\" data-element_type=\"container\" data-e-type=\"container\" data-settings=\"{&quot;background_background&quot;:&quot;classic&quot;}\">\n\t\t\t\t\t<div class=\"e-con-inner\">\n\t\t\t\t<div class=\"elementor-element elementor-element-6b18de2 elementor-widget__width-inherit elementor-widget elementor-widget-heading\" data-id=\"6b18de2\" data-element_type=\"widget\" data-e-type=\"widget\" data-widget_type=\"heading.default\">\n\t\t\t\t<div class=\"elementor-widget-container\">\n\t\t\t\t\t<h1 class=\"elementor-heading-title elementor-size-default\">Email preferences<\/h1>\t\t\t\t<\/div>\n\t\t\t\t<\/div>\n\t\t\t\t\t<\/div>\n\t\t\t\t<\/div>\n\t\t<div class=\"elementor-element elementor-element-7146847 e-flex e-con-boxed e-con e-child\" data-id=\"7146847\" data-element_type=\"container\" data-e-type=\"container\" data-settings=\"{&quot;background_background&quot;:&quot;classic&quot;}\">\n\t\t\t\t\t<div class=\"e-con-inner\">\n\t\t<div class=\"elementor-element elementor-element-b206a4a e-con-full e-flex e-con e-child\" data-id=\"b206a4a\" data-element_type=\"container\" data-e-type=\"container\">\n\t\t\t\t<div class=\"elementor-element elementor-element-27ced0e elementor-widget elementor-widget-text-editor\" data-id=\"27ced0e\" data-element_type=\"widget\" data-e-type=\"widget\" data-widget_type=\"text-editor.default\">\n\t\t\t\t<div class=\"elementor-widget-container\">\n\t\t\t\t\t\t\t\t\t<p>Hello <span id=\"bwfan_contact_name\">John<\/span>,<\/p>\n<p>Help us improve your experience with us through better communication. Please adjust your email preferences. <span id=\"bwfan_contact_email\">john@example.com<\/span>.<\/p>\n<p><\/p>\t\t\t\t\t\t\t\t<\/div>\n\t\t\t\t<\/div>\n\t\t\t\t<\/div>\n\t\t\t\t\t<\/div>\n\t\t\t\t<\/div>\n\t\t\t\t<\/div>","protected":false},"excerpt":{"rendered":"<p>Email preferences Hello, Help us improve your experience with us through better communication. Please adjust your email preferences. .<\/p>","protected":false},"author":2,"featured_media":0,"parent":0,"menu_order":0,"comment_status":"closed","ping_status":"closed","template":"","meta":{"_acf_changed":false,"footnotes":""},"class_list":["post-35457","page","type-page","status-publish","hentry"],"acf":[],"yoast_head":"<!-- This site is optimized with the Yoast SEO plugin v27.4 - https:\/\/yoast.com\/product\/yoast-seo-wordpress\/ -->\n<title>Emails da Leva-me | LEVA-ME - Ag\u00eancia de viagens<\/title>\n<meta name=\"robots\" content=\"index, follow, max-snippet:-1, max-image-preview:large, max-video-preview:-1\" \/>\n<link rel=\"canonical\" href=\"https:\/\/royalblue-eland-795867.hostingersite.com\/emails-levame\/\" \/>\n<meta property=\"og:locale\" content=\"en_GB\" \/>\n<meta property=\"og:type\" content=\"article\" \/>\n<meta property=\"og:title\" content=\"Emails da Leva-me | LEVA-ME - Ag\u00eancia de viagens\" \/>\n<meta property=\"og:description\" content=\"Prefer\u00eancias de email Ol\u00e1 , Ajuda-nos a melhorar a tua experi\u00eancia conosco atrav\u00e9s de uma melhor comunica\u00e7\u00e3o. Por favor, ajusta as suas prefer\u00eancias para o email .\" \/>\n<meta property=\"og:url\" content=\"https:\/\/royalblue-eland-795867.hostingersite.com\/emails-levame\/\" \/>\n<meta property=\"og:site_name\" content=\"LEVA-ME - Ag\u00eancia de viagens\" \/>\n<meta property=\"article:publisher\" content=\"https:\/\/www.facebook.com\/leva.me.tours\/\" \/>\n<meta property=\"article:modified_time\" content=\"2025-11-12T16:04:53+00:00\" \/>\n<meta name=\"twitter:card\" content=\"summary_large_image\" \/>\n<script type=\"application\/ld+json\" class=\"yoast-schema-graph\">{\"@context\":\"https:\\\/\\\/schema.org\",\"@graph\":[{\"@type\":\"WebPage\",\"@id\":\"https:\\\/\\\/royalblue-eland-795867.hostingersite.com\\\/emails-levame\\\/\",\"url\":\"https:\\\/\\\/royalblue-eland-795867.hostingersite.com\\\/emails-levame\\\/\",\"name\":\"Emails da Leva-me | LEVA-ME - Ag\u00eancia de viagens\",\"isPartOf\":{\"@id\":\"https:\\\/\\\/leva-me.com\\\/#website\"},\"datePublished\":\"2025-11-12T15:48:39+00:00\",\"dateModified\":\"2025-11-12T16:04:53+00:00\",\"breadcrumb\":{\"@id\":\"https:\\\/\\\/royalblue-eland-795867.hostingersite.com\\\/emails-levame\\\/#breadcrumb\"},\"inLanguage\":\"en-GB\",\"potentialAction\":[{\"@type\":\"ReadAction\",\"target\":[\"https:\\\/\\\/royalblue-eland-795867.hostingersite.com\\\/emails-levame\\\/\"]}]},{\"@type\":\"BreadcrumbList\",\"@id\":\"https:\\\/\\\/royalblue-eland-795867.hostingersite.com\\\/emails-levame\\\/#breadcrumb\",\"itemListElement\":[{\"@type\":\"ListItem\",\"position\":1,\"name\":\"Home\",\"item\":\"https:\\\/\\\/royalblue-eland-795867.hostingersite.com\\\/\"},{\"@type\":\"ListItem\",\"position\":2,\"name\":\"Emails da Leva-me\"}]},{\"@type\":\"WebSite\",\"@id\":\"https:\\\/\\\/leva-me.com\\\/#website\",\"url\":\"https:\\\/\\\/leva-me.com\\\/\",\"name\":\"LEVA-ME - Ag\u00eancia de viagens\",\"description\":\"Ag\u00eancia de Viagens Inesquec\u00edveis\",\"publisher\":{\"@id\":\"https:\\\/\\\/leva-me.com\\\/#organization\"},\"potentialAction\":[{\"@type\":\"SearchAction\",\"target\":{\"@type\":\"EntryPoint\",\"urlTemplate\":\"https:\\\/\\\/leva-me.com\\\/?s={search_term_string}\"},\"query-input\":{\"@type\":\"PropertyValueSpecification\",\"valueRequired\":true,\"valueName\":\"search_term_string\"}}],\"inLanguage\":\"en-GB\"},{\"@type\":\"Organization\",\"@id\":\"https:\\\/\\\/leva-me.com\\\/#organization\",\"name\":\"Agencia de Viagens | LEVA-ME\",\"url\":\"https:\\\/\\\/leva-me.com\\\/\",\"logo\":{\"@type\":\"ImageObject\",\"inLanguage\":\"en-GB\",\"@id\":\"https:\\\/\\\/leva-me.com\\\/#\\\/schema\\\/logo\\\/image\\\/\",\"url\":\"https:\\\/\\\/leva-me.com\\\/wp-content\\\/uploads\\\/2025\\\/04\\\/levame_img_footer.png\",\"contentUrl\":\"https:\\\/\\\/leva-me.com\\\/wp-content\\\/uploads\\\/2025\\\/04\\\/levame_img_footer.png\",\"width\":147,\"height\":132,\"caption\":\"Agencia de Viagens | LEVA-ME\"},\"image\":{\"@id\":\"https:\\\/\\\/leva-me.com\\\/#\\\/schema\\\/logo\\\/image\\\/\"},\"sameAs\":[\"https:\\\/\\\/www.facebook.com\\\/leva.me.tours\\\/\",\"https:\\\/\\\/instagram.com\\\/leva.me.tours\"]}]}<\/script>\n<!-- \/ Yoast SEO plugin. -->","yoast_head_json":{"title":"Emails from Leva-me | LEVA-ME - Travel Agency","robots":{"index":"index","follow":"follow","max-snippet":"max-snippet:-1","max-image-preview":"max-image-preview:large","max-video-preview":"max-video-preview:-1"},"canonical":"https:\/\/royalblue-eland-795867.hostingersite.com\/emails-levame\/","og_locale":"en_GB","og_type":"article","og_title":"Emails da Leva-me | LEVA-ME - Ag\u00eancia de viagens","og_description":"Prefer\u00eancias de email Ol\u00e1 , Ajuda-nos a melhorar a tua experi\u00eancia conosco atrav\u00e9s de uma melhor comunica\u00e7\u00e3o. Por favor, ajusta as suas prefer\u00eancias para o email .","og_url":"https:\/\/royalblue-eland-795867.hostingersite.com\/emails-levame\/","og_site_name":"LEVA-ME - Ag\u00eancia de viagens","article_publisher":"https:\/\/www.facebook.com\/leva.me.tours\/","article_modified_time":"2025-11-12T16:04:53+00:00","twitter_card":"summary_large_image","schema":{"@context":"https:\/\/schema.org","@graph":[{"@type":"WebPage","@id":"https:\/\/royalblue-eland-795867.hostingersite.com\/emails-levame\/","url":"https:\/\/royalblue-eland-795867.hostingersite.com\/emails-levame\/","name":"Emails from Leva-me | LEVA-ME - Travel Agency","isPartOf":{"@id":"https:\/\/leva-me.com\/#website"},"datePublished":"2025-11-12T15:48:39+00:00","dateModified":"2025-11-12T16:04:53+00:00","breadcrumb":{"@id":"https:\/\/royalblue-eland-795867.hostingersite.com\/emails-levame\/#breadcrumb"},"inLanguage":"en-GB","potentialAction":[{"@type":"ReadAction","target":["https:\/\/royalblue-eland-795867.hostingersite.com\/emails-levame\/"]}]},{"@type":"BreadcrumbList","@id":"https:\/\/royalblue-eland-795867.hostingersite.com\/emails-levame\/#breadcrumb","itemListElement":[{"@type":"ListItem","position":1,"name":"Home","item":"https:\/\/royalblue-eland-795867.hostingersite.com\/"},{"@type":"ListItem","position":2,"name":"Emails da Leva-me"}]},{"@type":"WebSite","@id":"https:\/\/leva-me.com\/#website","url":"https:\/\/leva-me.com\/","name":"LEVA-ME - Travel Agency","description":"Unforgettable Travel Agency","publisher":{"@id":"https:\/\/leva-me.com\/#organization"},"potentialAction":[{"@type":"SearchAction","target":{"@type":"EntryPoint","urlTemplate":"https:\/\/leva-me.com\/?s={search_term_string}"},"query-input":{"@type":"PropertyValueSpecification","valueRequired":true,"valueName":"search_term_string"}}],"inLanguage":"en-GB"},{"@type":"Organization","@id":"https:\/\/leva-me.com\/#organization","name":"Travel Agency | TAKE ME","url":"https:\/\/leva-me.com\/","logo":{"@type":"ImageObject","inLanguage":"en-GB","@id":"https:\/\/leva-me.com\/#\/schema\/logo\/image\/","url":"https:\/\/leva-me.com\/wp-content\/uploads\/2025\/04\/levame_img_footer.png","contentUrl":"https:\/\/leva-me.com\/wp-content\/uploads\/2025\/04\/levame_img_footer.png","width":147,"height":132,"caption":"Agencia de Viagens | LEVA-ME"},"image":{"@id":"https:\/\/leva-me.com\/#\/schema\/logo\/image\/"},"sameAs":["https:\/\/www.facebook.com\/leva.me.tours\/","https:\/\/instagram.com\/leva.me.tours"]}]}},"_links":{"self":[{"href":"https:\/\/leva-me.com\/en\/wp-json\/wp\/v2\/pages\/35457","targetHints":{"allow":["GET"]}}],"collection":[{"href":"https:\/\/leva-me.com\/en\/wp-json\/wp\/v2\/pages"}],"about":[{"href":"https:\/\/leva-me.com\/en\/wp-json\/wp\/v2\/types\/page"}],"author":[{"embeddable":true,"href":"https:\/\/leva-me.com\/en\/wp-json\/wp\/v2\/users\/2"}],"replies":[{"embeddable":true,"href":"https:\/\/leva-me.com\/en\/wp-json\/wp\/v2\/comments?post=35457"}],"version-history":[{"count":14,"href":"https:\/\/leva-me.com\/en\/wp-json\/wp\/v2\/pages\/35457\/revisions"}],"predecessor-version":[{"id":35471,"href":"https:\/\/leva-me.com\/en\/wp-json\/wp\/v2\/pages\/35457\/revisions\/35471"}],"wp:attachment":[{"href":"https:\/\/leva-me.com\/en\/wp-json\/wp\/v2\/media?parent=35457"}],"curies":[{"name":"wp","href":"https:\/\/api.w.org\/{rel}","templated":true}]}}